{"id":33,"date":"2024-03-18T15:48:39","date_gmt":"2024-03-18T14:48:39","guid":{"rendered":"https:\/\/sm4rt.fr\/?page_id=33"},"modified":"2024-03-19T21:51:46","modified_gmt":"2024-03-19T20:51:46","slug":"sm4rt","status":"publish","type":"page","link":"https:\/\/sm4rt.fr\/","title":{"rendered":"SM4RT"},"content":{"rendered":"\n<div class=\"wp-block-cover is-light\" style=\"min-height:366px;aspect-ratio:unset;\"><span aria-hidden=\"true\" class=\"wp-block-cover__background has-background-dim\"><\/span><video class=\"wp-block-cover__video-background intrinsic-ignore\" autoplay muted loop playsinline src=\"https:\/\/sm4rt.fr\/wp-content\/uploads\/2024\/03\/SAVOIR-POUR-PREVOIR.mp4\" data-object-fit=\"cover\"><\/video><div class=\"wp-block-cover__inner-container is-layout-flow wp-block-cover-is-layout-flow\">\n<h1 class=\"wp-block-heading has-text-align-center\"><mark style=\"background-color:rgba(0, 0, 0, 0)\" class=\"has-inline-color has-nv-site-bg-color\">SAVOIR POUR PREVOIR<\/mark><\/h1>\n<\/div><\/div>\n\n\n\n<div style=\"height:81px\" aria-hidden=\"true\" class=\"wp-block-spacer\"><\/div>\n\n\n\n<h1 class=\"wp-block-heading alignwide has-text-align-center\"><mark style=\"background-color:rgba(0, 0, 0, 0)\" class=\"has-inline-color has-neve-link-hover-color-color\">L&rsquo;ACCOMPAGNEMENT DE LA FORMATION <br>DANS LE DOMAINE DU FITNESS<\/mark><\/h1>\n\n\n\n<div style=\"height:6px\" aria-hidden=\"true\" class=\"wp-block-spacer\"><\/div>\n\n\n\n<div class=\"wp-block-buttons is-content-justification-center is-layout-flex wp-container-core-buttons-is-layout-16018d1d wp-block-buttons-is-layout-flex\">\n<div class=\"wp-block-button\"><a class=\"wp-block-button__link wp-element-button\" href=\"https:\/\/sm4rt.fr\/index.php\/sm4rt-contact\/\">CONTACTEZ-NOUS<\/a><\/div>\n\n\n\n<div class=\"wp-block-button\"><a class=\"wp-block-button__link wp-element-button\" href=\"https:\/\/sm4rt.fr\/index.php\/qui-nous-sommes\/\">QUI SOMMES NOUS ?<\/a><\/div>\n<\/div>\n\n\n\n<div style=\"height:100px\" aria-hidden=\"true\" class=\"wp-block-spacer\"><\/div>\n\n\n\n<div class=\"wp-block-cover alignfull is-light\" style=\"min-height:649px;aspect-ratio:unset;\"><span aria-hidden=\"true\" class=\"wp-block-cover__background has-nv-site-bg-background-color has-background-dim-100 has-background-dim\"><\/span><div class=\"wp-block-cover__inner-container is-layout-flow wp-block-cover-is-layout-flow\">\n<div class=\"wp-block-group\"><div class=\"wp-block-group__inner-container is-layout-flow wp-block-group-is-layout-flow\">\n<div class=\"wp-block-columns are-vertically-aligned-center is-layout-flex wp-container-core-columns-is-layout-9d6595d7 wp-block-columns-is-layout-flex\">\n<div class=\"wp-block-column is-vertically-aligned-center is-layout-flow wp-block-column-is-layout-flow\" style=\"flex-basis:50%\">\n<h2 class=\"wp-block-heading has-text-align-left has-neve-text-color-color has-text-color\">Un savoir-faire d\u00e9di\u00e9 \u00e0 l\u2019accompagnement de la formation Interne et Externe<\/h2>\n\n\n\n<p class=\"has-text-align-left has-neve-text-color-color has-text-color\" style=\"font-size:17px\">Le march\u00e9 du Fitness connait depuis une dizaine d\u2019ann\u00e9es un fort d\u00e9veloppement sur le segment des intervenants \u00ab low- cost \u00bb avec l\u2019arriv\u00e9e et le d\u00e9veloppement de groupe nationaux.<\/p>\n\n\n\n<h4 class=\"wp-block-heading\">N\u00e9cessit\u00e9 :<\/h4>\n\n\n\n<ul class=\"wp-block-list\">\n<li>Disposer d&rsquo;une \u00e9quipe qualifi\u00e9e<\/li>\n\n\n\n<li>Maintenir cette pertinence au travers d\u2019un process de formation continue <\/li>\n<\/ul>\n\n\n\n<p class=\"has-text-align-left has-neve-text-color-color has-text-color\" style=\"font-size:17px\"><strong>Ces formations peuvent \u00eatre financ\u00e9es au travers de diff\u00e9rents dispositifs<\/strong>.<\/p>\n\n\n\n<p class=\"has-text-align-left has-neve-text-color-color has-text-color\" style=\"font-size:17px\"><br><strong>SM4RT<\/strong> vous accompagne sur l\u2019obtention de ces dispositifs vous permettant de rester focalis\u00e9 sur l\u2019exploitation de votre entreprise<\/p>\n\n\n\n<div style=\"height:40px\" aria-hidden=\"true\" class=\"wp-block-spacer\"><\/div>\n<\/div>\n\n\n\n<div class=\"wp-block-column is-vertically-aligned-center is-layout-flow wp-block-column-is-layout-flow\" style=\"flex-basis:50%\"><div class=\"wp-block-image\">\n<figure class=\"aligncenter size-large is-resized\"><img loading=\"lazy\" decoding=\"async\" width=\"891\" height=\"1024\" src=\"https:\/\/sm4rt.fr\/wp-content\/uploads\/2024\/02\/Capture-decran-2024-02-24-a-17.13.28-891x1024.png\" alt=\"\" class=\"wp-image-96\" style=\"width:385px;height:auto\" srcset=\"https:\/\/sm4rt.fr\/wp-content\/uploads\/2024\/02\/Capture-decran-2024-02-24-a-17.13.28-891x1024.png 891w, https:\/\/sm4rt.fr\/wp-content\/uploads\/2024\/02\/Capture-decran-2024-02-24-a-17.13.28-261x300.png 261w, https:\/\/sm4rt.fr\/wp-content\/uploads\/2024\/02\/Capture-decran-2024-02-24-a-17.13.28-768x883.png 768w, https:\/\/sm4rt.fr\/wp-content\/uploads\/2024\/02\/Capture-decran-2024-02-24-a-17.13.28.png 1192w\" sizes=\"auto, (max-width: 891px) 100vw, 891px\" \/><\/figure>\n<\/div><\/div>\n<\/div>\n<\/div><\/div>\n<\/div><\/div>\n\n\n<div class=\"wp-block-image\">\n<figure class=\"aligncenter is-resized\"><img loading=\"lazy\" decoding=\"async\" width=\"1800\" height=\"150\" src=\"https:\/\/sm4rt.fr\/wp-content\/uploads\/2024\/03\/FORMATION-PSC1-7.png\" alt=\"\" class=\"wp-image-224\" style=\"width:1080px;height:auto\" srcset=\"https:\/\/sm4rt.fr\/wp-content\/uploads\/2024\/03\/FORMATION-PSC1-7.png 1800w, https:\/\/sm4rt.fr\/wp-content\/uploads\/2024\/03\/FORMATION-PSC1-7-300x25.png 300w, https:\/\/sm4rt.fr\/wp-content\/uploads\/2024\/03\/FORMATION-PSC1-7-1024x85.png 1024w, https:\/\/sm4rt.fr\/wp-content\/uploads\/2024\/03\/FORMATION-PSC1-7-768x64.png 768w, https:\/\/sm4rt.fr\/wp-content\/uploads\/2024\/03\/FORMATION-PSC1-7-1536x128.png 1536w\" sizes=\"auto, (max-width: 1800px) 100vw, 1800px\" \/><\/figure>\n<\/div>\n\n\n<div style=\"height:41px\" aria-hidden=\"true\" class=\"wp-block-spacer\"><\/div>\n\n\n\n<div class=\"wp-block-columns is-layout-flex wp-container-core-columns-is-layout-9d6595d7 wp-block-columns-is-layout-flex\">\n<div class=\"wp-block-column is-layout-flow wp-block-column-is-layout-flow\">\n<h3 class=\"wp-block-heading has-text-align-center\">ANTICIPATION<\/h3>\n\n\n\n<p class=\"has-text-align-center\">Il est fondamental d\u2019anticiper le montage du dossier<br> et d\u2019obtenir le plus promptement possible l\u2019accus\u00e9 <br>de r\u00e9ception de l\u2019organisme comp\u00e9tant<\/p>\n<\/div>\n\n\n\n<div class=\"wp-block-column is-layout-flow wp-block-column-is-layout-flow\">\n<h3 class=\"wp-block-heading has-text-align-center\"><strong>N<\/strong>ON RETROACTIVITE<\/h3>\n\n\n\n<p class=\"has-text-align-center\">L\u2019obtention du financement de la formation n\u2019est pas r\u00e9troactif et couvre principalement les d\u00e9penses futures<\/p>\n<\/div>\n\n\n\n<div class=\"wp-block-column is-layout-flow wp-block-column-is-layout-flow\">\n<h3 class=\"wp-block-heading has-text-align-center\">PLAFONNEMENT<\/h3>\n\n\n\n<p class=\"has-text-align-center\">Les ressources allou\u00e9es sont plafonn\u00e9es et leur attribution devient al\u00e9atoire en fonction de la p\u00e9riode de l\u2019exercice fiscal<\/p>\n<\/div>\n<\/div>\n\n\n\n<div class=\"wp-block-columns is-layout-flex wp-container-core-columns-is-layout-9d6595d7 wp-block-columns-is-layout-flex\">\n<div class=\"wp-block-column is-layout-flow wp-block-column-is-layout-flow\">\n<h3 class=\"wp-block-heading has-text-align-center\">EXISTENCE REELLE <br>DE LA FORMATION<\/h3>\n\n\n\n<p class=\"has-text-align-center\">Le plan de formation doit \u00eatre r\u00e9el, \u00e9tabli et la formation effective pour collecter le financement<\/p>\n<\/div>\n\n\n\n<div class=\"wp-block-column is-layout-flow wp-block-column-is-layout-flow\">\n<h3 class=\"wp-block-heading has-text-align-center\">DEPOT DES DOSSIERS<br><\/h3>\n\n\n\n<p class=\"has-text-align-center\">Les dossiers doivent \u00eatre d\u00e9pos\u00e9s pr\u00e9alablement \u00e0 la r\u00e9alisation de la formation<\/p>\n<\/div>\n\n\n\n<div class=\"wp-block-column is-layout-flow wp-block-column-is-layout-flow\">\n<h3 class=\"wp-block-heading has-text-align-center\">INSTRUCTION DU DOSSIER<br><\/h3>\n\n\n\n<p class=\"has-text-align-center\">Tout dossier incomplet sera rejet\u00e9&#8230; supprimer ou partiellement rempli et n\u00e9cessitera une seconde pr\u00e9sentation<\/p>\n<\/div>\n<\/div>\n\n\n\n<div style=\"height:35px\" aria-hidden=\"true\" class=\"wp-block-spacer\"><\/div>\n\n\n<div class=\"wp-block-image\">\n<figure class=\"aligncenter size-full is-resized\"><img loading=\"lazy\" decoding=\"async\" width=\"1800\" height=\"150\" src=\"https:\/\/sm4rt.fr\/wp-content\/uploads\/2024\/03\/FORMATION-PSC1-6.png\" alt=\"\" class=\"wp-image-216\" style=\"width:1056px;height:auto\" srcset=\"https:\/\/sm4rt.fr\/wp-content\/uploads\/2024\/03\/FORMATION-PSC1-6.png 1800w, https:\/\/sm4rt.fr\/wp-content\/uploads\/2024\/03\/FORMATION-PSC1-6-300x25.png 300w, https:\/\/sm4rt.fr\/wp-content\/uploads\/2024\/03\/FORMATION-PSC1-6-1024x85.png 1024w, https:\/\/sm4rt.fr\/wp-content\/uploads\/2024\/03\/FORMATION-PSC1-6-768x64.png 768w, https:\/\/sm4rt.fr\/wp-content\/uploads\/2024\/03\/FORMATION-PSC1-6-1536x128.png 1536w\" sizes=\"auto, (max-width: 1800px) 100vw, 1800px\" \/><\/figure>\n<\/div>\n\n\n<div style=\"height:72px\" aria-hidden=\"true\" class=\"wp-block-spacer\"><\/div>\n\n\n\n<div class=\"wp-block-columns is-layout-flex wp-container-core-columns-is-layout-9d6595d7 wp-block-columns-is-layout-flex\">\n<div class=\"wp-block-column is-layout-flow wp-block-column-is-layout-flow\">\n<h3 class=\"wp-block-heading\">ANALYSE<\/h3>\n\n\n\n<p>L\u2019ensemble du programme de formation annuel est analys\u00e9 et fait l\u2019objet de pr\u00e9conisations<\/p>\n\n\n\n<h3 class=\"wp-block-heading\">CENTRALISATION<\/h3>\n\n\n\n<p>SM4RT devient votre guichet unique pour l\u2019ensemble des dossiers<\/p>\n\n\n\n<h3 class=\"wp-block-heading\">INSTRUCTION<\/h3>\n\n\n\n<p>Nous prenons \u00e0 notre charge l\u2019int\u00e9gralit\u00e9 des t\u00e2ches administratives et chronophages lib\u00e9rant vos \u00e9quipes<\/p>\n<\/div>\n\n\n\n<div class=\"wp-block-column is-layout-flow wp-block-column-is-layout-flow\">\n<figure class=\"wp-block-image size-full is-resized\"><img loading=\"lazy\" decoding=\"async\" width=\"674\" height=\"762\" src=\"https:\/\/sm4rt.fr\/wp-content\/uploads\/2024\/02\/Capture-decran-2024-02-25-a-15.22.28-2.png\" alt=\"\" class=\"wp-image-111\" style=\"width:343px;height:auto\" srcset=\"https:\/\/sm4rt.fr\/wp-content\/uploads\/2024\/02\/Capture-decran-2024-02-25-a-15.22.28-2.png 674w, https:\/\/sm4rt.fr\/wp-content\/uploads\/2024\/02\/Capture-decran-2024-02-25-a-15.22.28-2-265x300.png 265w\" sizes=\"auto, (max-width: 674px) 100vw, 674px\" \/><\/figure>\n<\/div>\n\n\n\n<div class=\"wp-block-column is-layout-flow wp-block-column-is-layout-flow\">\n<h3 class=\"wp-block-heading\">GESTION<\/h3>\n\n\n\n<p>Chaque dossier est suivi en int\u00e9gralit\u00e9<br><\/p>\n\n\n\n<h3 class=\"wp-block-heading\">STRUCTURATION<\/h3>\n\n\n\n<p>La m\u00e9thodologie appliqu\u00e9e assure l\u2019optimisation de l\u2019instruction et du suivi de chaque dossier<\/p>\n\n\n\n<h3 class=\"wp-block-heading\">ENCADREMENT<\/h3>\n\n\n\n<p>Dans le cadre d\u2019une mission de suivi SM4RT effectuera chaque ann\u00e9e l\u2019analyse et les pr\u00e9conisations de votre programme annuel de formation<\/p>\n<\/div>\n<\/div>\n\n\n\n<div style=\"height:36px\" aria-hidden=\"true\" class=\"wp-block-spacer\"><\/div>\n\n\n\n<div class=\"wp-block-group\"><div class=\"wp-block-group__inner-container is-layout-constrained wp-block-group-is-layout-constrained\">\n<div class=\"wp-block-columns is-layout-flex wp-container-core-columns-is-layout-9d6595d7 wp-block-columns-is-layout-flex\">\n<div class=\"wp-block-column is-layout-flow wp-block-column-is-layout-flow\">\n<figure class=\"wp-block-image size-large is-resized\"><img loading=\"lazy\" decoding=\"async\" width=\"1024\" height=\"724\" src=\"https:\/\/sm4rt.fr\/wp-content\/uploads\/2024\/03\/1-1-1024x724.png\" alt=\"\" class=\"wp-image-211\" style=\"width:364px;height:auto\" srcset=\"https:\/\/sm4rt.fr\/wp-content\/uploads\/2024\/03\/1-1-1024x724.png 1024w, https:\/\/sm4rt.fr\/wp-content\/uploads\/2024\/03\/1-1-300x212.png 300w, https:\/\/sm4rt.fr\/wp-content\/uploads\/2024\/03\/1-1-768x543.png 768w, https:\/\/sm4rt.fr\/wp-content\/uploads\/2024\/03\/1-1-1536x1086.png 1536w, https:\/\/sm4rt.fr\/wp-content\/uploads\/2024\/03\/1-1.png 2000w\" sizes=\"auto, (max-width: 1024px) 100vw, 1024px\" \/><\/figure>\n<\/div>\n\n\n\n<div class=\"wp-block-column is-layout-flow wp-block-column-is-layout-flow\">\n<figure class=\"wp-block-image size-large is-resized\"><img loading=\"lazy\" decoding=\"async\" width=\"1024\" height=\"724\" src=\"https:\/\/sm4rt.fr\/wp-content\/uploads\/2024\/03\/2-1-1024x724.png\" alt=\"\" class=\"wp-image-212\" style=\"width:345px;height:auto\" srcset=\"https:\/\/sm4rt.fr\/wp-content\/uploads\/2024\/03\/2-1-1024x724.png 1024w, https:\/\/sm4rt.fr\/wp-content\/uploads\/2024\/03\/2-1-300x212.png 300w, https:\/\/sm4rt.fr\/wp-content\/uploads\/2024\/03\/2-1-768x543.png 768w, https:\/\/sm4rt.fr\/wp-content\/uploads\/2024\/03\/2-1-1536x1086.png 1536w, https:\/\/sm4rt.fr\/wp-content\/uploads\/2024\/03\/2-1.png 2000w\" sizes=\"auto, (max-width: 1024px) 100vw, 1024px\" \/><\/figure>\n<\/div>\n\n\n\n<div class=\"wp-block-column is-layout-flow wp-block-column-is-layout-flow\">\n<figure class=\"wp-block-image size-large is-resized\"><img loading=\"lazy\" decoding=\"async\" width=\"1024\" height=\"724\" src=\"https:\/\/sm4rt.fr\/wp-content\/uploads\/2024\/03\/3-1-1024x724.png\" alt=\"\" class=\"wp-image-213\" style=\"width:392px;height:auto\" srcset=\"https:\/\/sm4rt.fr\/wp-content\/uploads\/2024\/03\/3-1-1024x724.png 1024w, https:\/\/sm4rt.fr\/wp-content\/uploads\/2024\/03\/3-1-300x212.png 300w, https:\/\/sm4rt.fr\/wp-content\/uploads\/2024\/03\/3-1-768x543.png 768w, https:\/\/sm4rt.fr\/wp-content\/uploads\/2024\/03\/3-1-1536x1086.png 1536w, https:\/\/sm4rt.fr\/wp-content\/uploads\/2024\/03\/3-1.png 2000w\" sizes=\"auto, (max-width: 1024px) 100vw, 1024px\" \/><\/figure>\n<\/div>\n<\/div>\n<\/div><\/div>\n\n\n\n<div style=\"height:30px\" aria-hidden=\"true\" class=\"wp-block-spacer\"><\/div>\n\n\n\n<hr class=\"wp-block-separator has-alpha-channel-opacity\"\/>\n\n\n<style>\r\n\r\n#wpsm_counter_b_row_153 .wpsm_counterbox\r\n{\r\n\ttext-align:center;\r\n\tmargin-top:50px;\r\n\tmargin-bottom:50px;\r\n}\r\n#wpsm_counter_b_row_153 .wpsm_counterbox .wpsm_count-icon{\r\n\tdisplay:block;\r\n\tmargin-top:20px;\r\n\tpadding-top:0px;\r\n\tpadding-bottom:0px;\r\n\tmargin-bottom:0px;\r\n\tmargin:0 auto;\r\n}\r\n#wpsm_counter_b_row_153 .wpsm_counterbox .wpsm_count-icon i{\r\n\tfont-size:20px;\r\n\tcolor:#000000;\r\n}\r\n#wpsm_counter_b_row_153 .wpsm_counterbox .wpsm_number{\r\n\tfont-size:18px;\r\n\tfont-weight:400;\r\n\tcolor:#ffffff;\r\n\tfont-family:'Open Sans';\r\n\tletter-spacing:2px;\r\n\tmargin-top:20px;\r\n\tline-height: 1.3em;\r\n\tpadding-top:0px;\r\n\tpadding-bottom:0px;\r\n\tmargin-bottom:0px;\r\n}\r\n#wpsm_counter_b_row_153 .wpsm_counterbox .wpsm_count-title{\r\n    font-size:18px;\r\n\tfont-weight:bolder;\r\n\tfont-family:'Open Sans';\r\n\tletter-spacing:2px;\r\n    color: #ffffff;\r\n\tfont-weight:400;\r\n\tmargin-top:20px;\r\n\tpadding-top:0px;\r\n\tpadding-bottom:0px;\r\n\tmargin-bottom:0px;\r\n\tline-height: 1.3em;\r\n}\r\n\r\n<\/style> \r\n\t\t \r\n\t\t\r\n\t\t<style>\r\n\t\t#wpsm_counter_b_row_153\t\t\t{\r\n\t\t\t\t\r\n\t\t\t\tposition:relative;\r\n\t\t\t\twidth:100%;\r\n\t\t\t\toverflow:hidden;\r\n\t\t\t\ttext-align:center;\r\n\t\t\t}\r\n\t\t\t \r\n\t\t\t#wpsm_counter_b_row_153 .wpsm_row{\r\n\t\t\toverflow:hidden;\r\n\t\t\tdisplay:block;\r\n\t\t\twidth:100%;\r\n\t\t\t} \r\n\t\t\t \r\n\t\t\t#wpsm_counter_b_row_153 .wpsm_row{\r\n\t\t\toverflow:visible;\r\n\t\t\t} \r\n\t\t\t \r\n\t\t\t#wpsm_counter_b_row_153 .wpsm_counterbox .wpsm_count-title{\r\n\t\t\tmin-height:56px;\r\n\t\t\t}}\r\n\t\t\t \r\n\t\t<\/style>\r\n\t\t\r\n\t\t<div class=\"wpsm_counter_b_row\" id=\"wpsm_counter_b_row_153\">\r\n\t\t\t<div>\r\n\t\t\t\t<div class=\"wpsm_row\">\r\n\t\t\r\n\t\t\t\t\r\n\t\t\t<\/div>\t\t\t\t<\/div>\r\n\t\t<\/div>\r\n\t\t\r\n\t\n\n\n<div class=\"wp-block-image\">\n<figure class=\"aligncenter size-large is-resized\"><img loading=\"lazy\" decoding=\"async\" width=\"1024\" height=\"267\" src=\"https:\/\/sm4rt.fr\/wp-content\/uploads\/2024\/03\/Design-sans-titre-3-1-1024x267.png\" alt=\"\" class=\"wp-image-208\" style=\"width:729px;height:auto\" srcset=\"https:\/\/sm4rt.fr\/wp-content\/uploads\/2024\/03\/Design-sans-titre-3-1-1024x267.png 1024w, https:\/\/sm4rt.fr\/wp-content\/uploads\/2024\/03\/Design-sans-titre-3-1-300x78.png 300w, https:\/\/sm4rt.fr\/wp-content\/uploads\/2024\/03\/Design-sans-titre-3-1-768x200.png 768w, https:\/\/sm4rt.fr\/wp-content\/uploads\/2024\/03\/Design-sans-titre-3-1-1536x400.png 1536w, https:\/\/sm4rt.fr\/wp-content\/uploads\/2024\/03\/Design-sans-titre-3-1-2048x533.png 2048w\" sizes=\"auto, (max-width: 1024px) 100vw, 1024px\" \/><\/figure>\n<\/div>\n\n\n<hr class=\"wp-block-separator has-alpha-channel-opacity\"\/>\n","protected":false},"excerpt":{"rendered":"<p>L&rsquo;ACCOMPAGNEMENT DE LA FORMATION DANS LE DOMAINE DU FITNESS ANTICIPATION Il est fondamental d\u2019anticiper le montage du dossier et d\u2019obtenir le plus promptement possible l\u2019accus\u00e9 de r\u00e9ception de l\u2019organisme comp\u00e9tant NON RETROACTIVITE L\u2019obtention du financement de la formation n\u2019est pas r\u00e9troactif et couvre principalement les d\u00e9penses futures PLAFONNEMENT Les ressources allou\u00e9es sont plafonn\u00e9es et leur&hellip;&nbsp;<a href=\"https:\/\/sm4rt.fr\/?p=153\" class=\"\" rel=\"bookmark\">Lire la suite &raquo;<span class=\"screen-reader-text\">SMART<\/span><\/a><\/p>\n","protected":false},"author":3,"featured_media":0,"parent":0,"menu_order":0,"comment_status":"closed","ping_status":"closed","template":"","meta":{"neve_meta_sidebar":"","neve_meta_container":"","neve_meta_enable_content_width":"on","neve_meta_content_width":100,"neve_meta_title_alignment":"center","neve_meta_author_avatar":"","neve_post_elements_order":"","neve_meta_disable_header":"","neve_meta_disable_footer":"","neve_meta_disable_title":"on","footnotes":""},"class_list":["post-33","page","type-page","status-publish","hentry"],"_links":{"self":[{"href":"https:\/\/sm4rt.fr\/index.php\/wp-json\/wp\/v2\/pages\/33","targetHints":{"allow":["GET"]}}],"collection":[{"href":"https:\/\/sm4rt.fr\/index.php\/wp-json\/wp\/v2\/pages"}],"about":[{"href":"https:\/\/sm4rt.fr\/index.php\/wp-json\/wp\/v2\/types\/page"}],"author":[{"embeddable":true,"href":"https:\/\/sm4rt.fr\/index.php\/wp-json\/wp\/v2\/users\/3"}],"replies":[{"embeddable":true,"href":"https:\/\/sm4rt.fr\/index.php\/wp-json\/wp\/v2\/comments?post=33"}],"version-history":[{"count":51,"href":"https:\/\/sm4rt.fr\/index.php\/wp-json\/wp\/v2\/pages\/33\/revisions"}],"predecessor-version":[{"id":230,"href":"https:\/\/sm4rt.fr\/index.php\/wp-json\/wp\/v2\/pages\/33\/revisions\/230"}],"wp:attachment":[{"href":"https:\/\/sm4rt.fr\/index.php\/wp-json\/wp\/v2\/media?parent=33"}],"curies":[{"name":"wp","href":"https:\/\/api.w.org\/{rel}","templated":true}]}}